{"id":4,"date":"2021-02-03T04:00:01","date_gmt":"2021-02-03T04:00:01","guid":{"rendered":"https:\/\/www.yavuzkoc.com\/wordpress\/index.php\/home\/"},"modified":"2023-10-18T23:53:21","modified_gmt":"2023-10-18T20:53:21","slug":"home","status":"publish","type":"page","link":"https:\/\/www.yavuzkoc.com\/","title":{"rendered":"Giri\u015f"},"content":{"rendered":"\t\t<div data-elementor-type=\"wp-page\" data-elementor-id=\"4\" class=\"elementor elementor-4\">\n\t\t\t\t\t\t\t\t\t<section class=\"elementor-section elementor-top-section elementor-element elementor-element-b860b60 elementor-section-boxed elementor-section-height-default elementor-section-height-default\" data-id=\"b860b60\" data-element_type=\"section\" data-settings=\"{&quot;background_background&quot;:&quot;classic&quot;}\">\n\t\t\t\t\t\t\t<div class=\"elementor-background-overlay\"><\/div>\n\t\t\t\t\t\t\t<div class=\"elementor-container elementor-column-gap-default\">\n\t\t\t\t\t<div class=\"elementor-column elementor-col-100 elementor-top-column elementor-element elementor-element-ecbdf62\" data-id=\"ecbdf62\" data-element_type=\"column\">\n\t\t\t<div class=\"elementor-widget-wrap elementor-element-populated\">\n\t\t\t\t\t\t\t\t<div class=\"elementor-element elementor-element-0a66a23 elementor-widget elementor-widget-heading\" data-id=\"0a66a23\" data-element_type=\"widget\" data-widget_type=\"heading.default\">\n\t\t\t\t<div class=\"elementor-widget-container\">\n\t\t\t<style>\/*! elementor - v3.10.2 - 29-01-2023 *\/\n.elementor-heading-title{padding:0;margin:0;line-height:1}.elementor-widget-heading .elementor-heading-title[class*=elementor-size-]>a{color:inherit;font-size:inherit;line-height:inherit}.elementor-widget-heading .elementor-heading-title.elementor-size-small{font-size:15px}.elementor-widget-heading .elementor-heading-title.elementor-size-medium{font-size:19px}.elementor-widget-heading .elementor-heading-title.elementor-size-large{font-size:29px}.elementor-widget-heading .elementor-heading-title.elementor-size-xl{font-size:39px}.elementor-widget-heading .elementor-heading-title.elementor-size-xxl{font-size:59px}<\/style><h2 class=\"elementor-heading-title elementor-size-default\">Biraz Excel, Biraz Ben<\/h2>\t\t<\/div>\n\t\t\t\t<\/div>\n\t\t\t\t<div class=\"elementor-element elementor-element-54a9f72 elementor-widget elementor-widget-text-editor\" data-id=\"54a9f72\" data-element_type=\"widget\" data-widget_type=\"text-editor.default\">\n\t\t\t\t<div class=\"elementor-widget-container\">\n\t\t\t<style>\/*! elementor - v3.10.2 - 29-01-2023 *\/\n.elementor-widget-text-editor.elementor-drop-cap-view-stacked .elementor-drop-cap{background-color:#818a91;color:#fff}.elementor-widget-text-editor.elementor-drop-cap-view-framed .elementor-drop-cap{color:#818a91;border:3px solid;background-color:transparent}.elementor-widget-text-editor:not(.elementor-drop-cap-view-default) .elementor-drop-cap{margin-top:8px}.elementor-widget-text-editor:not(.elementor-drop-cap-view-default) .elementor-drop-cap-letter{width:1em;height:1em}.elementor-widget-text-editor .elementor-drop-cap{float:left;text-align:center;line-height:1;font-size:50px}.elementor-widget-text-editor .elementor-drop-cap-letter{display:inline-block}<\/style>\t\t\t\t<p><\/p>\n<p>&#8230; \u00c7a\u011fda\u015f sistemler, boyunduruklar\u0131 alt\u0131nda ya\u015fayan insanlar\u0131n varl\u0131kla ilgili temel sorular\u0131 sormas\u0131na f\u0131rsat tan\u0131mamak i\u00e7in ellerindeki t\u00fcm imk\u00e2nlar\u0131 kullanmaktad\u0131r. Geldi\u011fi seviye kar\u015f\u0131s\u0131nda insan\u0131 hayrette b\u0131rakan teknoloji dahi y\u00f6netimler taraf\u0131ndan bir \u201cb\u00fcy\u00fc\u201d gibi kullan\u0131lmakta, insanl\u0131k ailesi bu b\u00fcy\u00fc ile efsunlanmaktad\u0131r.<\/p>\n<p><\/p>\n<p>Teknoloji\u2026 \u201cAkil\u201d oldu\u011fu halde bir t\u00fcrl\u00fc \u201cBali\u011f\u201d olamayan z\u0131p\u00e7\u0131kt\u0131 bir medeniyetin \u00fcr\u00fcn\u00fc; r\u00fc\u015fde ermesi istenmeyen insanl\u0131\u011f\u0131n tehlikeli oyunca\u011f\u0131\u2026 M\u00fc\u015friklerin put yaparak tap\u0131n\u0131p, ac\u0131k\u0131nca yedikleri helvalar\u0131ndan daha \u00e7ok i\u015flevi olan bir \u201coyuncak\u201d bu. \u00dcstelik masum da de\u011fil. \u0130nsan bu oyuncakla bazen kendi gelece\u011fini bile tehlikeye sokabilmekte, tabiattaki dengeleri sarsabilmekte.<\/p>\n<p><\/p>\n<p>Teknolojinin ekolojik dengeyi bozmas\u0131 ayr\u0131 bir konu, onu ge\u00e7iyoruz. Teknolojinin bozdu\u011fu bir denge daha var ki, biz as\u0131l ondan s\u00f6z etmek istiyoruz: \u0130nsan\u0131n manevi dengesi. \u0130\u015fte sistemlerin de istedi\u011fi bu: insan\u0131n tabiat\u0131n\u0131 bozup, \u201cvarl\u0131k sanc\u0131s\u0131\u201d \u00e7ekmemesi i\u00e7in onu teknoloji ile narkozlay\u0131p uyu\u015fturnak. Esrarke\u015flikten daha beter bir \u015fey bu. Teknoloji ile narkozlananlar i\u00e7in bir rehabilitasyon merkezi de yok.<\/p>\n<p><\/p>\n<p>\u0130nsanlar \u201cneden?\u201d ve \u201cni\u00e7in?\u201d sorular\u0131n\u0131 soracaklar diye \u00e7a\u011fda\u015f d\u00fczenlerin \u00f6dleri kopmaktad\u0131r. Bu y\u00fczden insan\u0131n d\u00fc\u015f\u00fcnce ve duygular\u0131n\u0131 y\u00f6nlendirmek i\u00e7in, ileti\u015fim ara\u00e7lar\u0131yla ve e\u011fitim yoluyla bunca gayret sarfetmektedirler. S\u00f6m\u00fcr\u00fc \u00e7arklar\u0131n\u0131 d\u00f6nd\u00fcrmek i\u00e7in m\u00fczi\u011fi, sporu ve hatta dinin bizzat kendisini bir \u201cuyu\u015fturucu\u201d olarak nas\u0131l kulland\u0131klar\u0131n\u0131n \u00f6rneklerini hepimiz g\u00f6r\u00fcyoruz.<\/p>\n<p><\/p>\n<p>B\u00fct\u00fcn bunlar insanl\u0131\u011f\u0131n kaybetti\u011fi kimlik olan \u201cislam\u201d \u0131, yani \u201cinsan\u0131n kendisi\u201d ni bulmamas\u0131 i\u00e7in tezgahlanan oyunlard\u0131r. &#8230;<\/p>\n<p><\/p>\n<p>Mustafa \u0130slamo\u011flu&#8217;nun &#8220;Y\u00fcrek Devleti&#8221; isimli kitab\u0131ndan.<\/p>\n<p><br><\/p>\n<p><br><\/p>\t\t\t\t\t\t<\/div>\n\t\t\t\t<\/div>\n\t\t\t\t<section class=\"elementor-section elementor-inner-section elementor-element elementor-element-93930c9 elementor-section-boxed elementor-section-height-default elementor-section-height-default\" data-id=\"93930c9\" data-element_type=\"section\">\n\t\t\t\t\t\t<div class=\"elementor-container elementor-column-gap-no\">\n\t\t\t\t\t<div class=\"elementor-column elementor-col-20 elementor-inner-column elementor-element elementor-element-cfe9997\" data-id=\"cfe9997\" data-element_type=\"column\">\n\t\t\t<div class=\"elementor-widget-wrap elementor-element-populated\">\n\t\t\t\t\t\t\t\t<div class=\"elementor-element elementor-element-0352d86 elementor-widget elementor-widget-image\" data-id=\"0352d86\" data-element_type=\"widget\" data-widget_type=\"image.default\">\n\t\t\t\t<div class=\"elementor-widget-container\">\n\t\t\t<style>\/*! elementor - v3.10.2 - 29-01-2023 *\/\n.elementor-widget-image{text-align:center}.elementor-widget-image a{display:inline-block}.elementor-widget-image a img[src$=\".svg\"]{width:48px}.elementor-widget-image img{vertical-align:middle;display:inline-block}<\/style>\t\t\t\t\t\t\t\t\t\t\t\t\t<a href=\"https:\/\/www.meb.gov.tr\/\" target=\"_blank\">\n\t\t\t\t\t\t\t<img decoding=\"async\" src=\"https:\/\/www.yavuzkoc.com\/wp-content\/uploads\/elementor\/thumbs\/meb_logo_3-q1mwp76wjvnme2654iwblyakhiun8e8qpxdrphtcc0.png\" title=\"meb_logo_3\" alt=\"meb_logo_3\" loading=\"lazy\" \/>\t\t\t\t\t\t\t\t<\/a>\n\t\t\t\t\t\t\t\t\t\t\t\t\t\t\t<\/div>\n\t\t\t\t<\/div>\n\t\t\t\t\t<\/div>\n\t\t<\/div>\n\t\t\t\t<div class=\"elementor-column elementor-col-20 elementor-inner-column elementor-element elementor-element-39e2e8f\" data-id=\"39e2e8f\" data-element_type=\"column\">\n\t\t\t<div class=\"elementor-widget-wrap elementor-element-populated\">\n\t\t\t\t\t\t\t\t<div class=\"elementor-element elementor-element-0413295 elementor-widget elementor-widget-image\" data-id=\"0413295\" data-element_type=\"widget\" data-widget_type=\"image.default\">\n\t\t\t\t<div class=\"elementor-widget-container\">\n\t\t\t\t\t\t\t\t\t\t\t\t\t\t\t\t<a href=\"https:\/\/e-okul.meb.gov.tr\/\" target=\"_blank\">\n\t\t\t\t\t\t\t<img decoding=\"async\" src=\"https:\/\/www.yavuzkoc.com\/wp-content\/uploads\/elementor\/thumbs\/eokul_logo-q1mwogvfhaerl9e9eryidxjbzfluq1l5xyxn3fotdc.png\" title=\"eokul_logo\" alt=\"eokul_logo\" loading=\"lazy\" \/>\t\t\t\t\t\t\t\t<\/a>\n\t\t\t\t\t\t\t\t\t\t\t\t\t\t\t<\/div>\n\t\t\t\t<\/div>\n\t\t\t\t\t<\/div>\n\t\t<\/div>\n\t\t\t\t<div class=\"elementor-column elementor-col-20 elementor-inner-column elementor-element elementor-element-589abe6\" data-id=\"589abe6\" data-element_type=\"column\">\n\t\t\t<div class=\"elementor-widget-wrap elementor-element-populated\">\n\t\t\t\t\t\t\t\t<div class=\"elementor-element elementor-element-415b888 elementor-widget elementor-widget-image\" data-id=\"415b888\" data-element_type=\"widget\" data-widget_type=\"image.default\">\n\t\t\t\t<div class=\"elementor-widget-container\">\n\t\t\t\t\t\t\t\t\t\t\t\t\t\t\t\t<a href=\"https:\/\/www.turkiye.gov.tr\/\" target=\"_blank\">\n\t\t\t\t\t\t\t<img decoding=\"async\" src=\"https:\/\/www.yavuzkoc.com\/wp-content\/uploads\/elementor\/thumbs\/edevlet3-q1mwoe1wo0jmatvlzgke98h9zt5fclmtr825fbpjvs.png\" title=\"edevlet3\" alt=\"edevlet3\" loading=\"lazy\" \/>\t\t\t\t\t\t\t\t<\/a>\n\t\t\t\t\t\t\t\t\t\t\t\t\t\t\t<\/div>\n\t\t\t\t<\/div>\n\t\t\t\t\t<\/div>\n\t\t<\/div>\n\t\t\t\t<div class=\"elementor-column elementor-col-20 elementor-inner-column elementor-element elementor-element-1d2ed54\" data-id=\"1d2ed54\" data-element_type=\"column\">\n\t\t\t<div class=\"elementor-widget-wrap elementor-element-populated\">\n\t\t\t\t\t\t\t\t<div class=\"elementor-element elementor-element-a01ba79 elementor-widget elementor-widget-image\" data-id=\"a01ba79\" data-element_type=\"widget\" data-widget_type=\"image.default\">\n\t\t\t\t<div class=\"elementor-widget-container\">\n\t\t\t\t\t\t\t\t\t\t\t\t\t\t\t\t<a href=\"https:\/\/www.eba.gov.tr\/\" target=\"_blank\">\n\t\t\t\t\t\t\t<img decoding=\"async\" src=\"https:\/\/www.yavuzkoc.com\/wp-content\/uploads\/elementor\/thumbs\/eba_logo_2-q1mwod42h6ibz7wz4y5roqptefa24wj3f3eny1qy20.png\" title=\"eba_logo_2\" alt=\"eba_logo_2\" loading=\"lazy\" \/>\t\t\t\t\t\t\t\t<\/a>\n\t\t\t\t\t\t\t\t\t\t\t\t\t\t\t<\/div>\n\t\t\t\t<\/div>\n\t\t\t\t\t<\/div>\n\t\t<\/div>\n\t\t\t\t<div class=\"elementor-column elementor-col-20 elementor-inner-column elementor-element elementor-element-7021485\" data-id=\"7021485\" data-element_type=\"column\">\n\t\t\t<div class=\"elementor-widget-wrap elementor-element-populated\">\n\t\t\t\t\t\t\t\t<div class=\"elementor-element elementor-element-3110da7 elementor-widget elementor-widget-image\" data-id=\"3110da7\" data-element_type=\"widget\" data-widget_type=\"image.default\">\n\t\t\t\t<div class=\"elementor-widget-container\">\n\t\t\t\t\t\t\t\t\t\t\t\t\t\t\t\t<a href=\"https:\/\/www.excel.web.tr\/\" target=\"_blank\">\n\t\t\t\t\t\t\t<img decoding=\"async\" src=\"https:\/\/www.yavuzkoc.com\/wp-content\/uploads\/elementor\/thumbs\/xweb-logo_2-q1mwpigytw2y628wfg1cqga3jdm7jl3a8s41281mg8.png\" title=\"xweb-logo_2\" alt=\"xweb-logo_2\" loading=\"lazy\" \/>\t\t\t\t\t\t\t\t<\/a>\n\t\t\t\t\t\t\t\t\t\t\t\t\t\t\t<\/div>\n\t\t\t\t<\/div>\n\t\t\t\t\t<\/div>\n\t\t<\/div>\n\t\t\t\t\t\t\t<\/div>\n\t\t<\/section>\n\t\t\t\t\t<\/div>\n\t\t<\/div>\n\t\t\t\t\t\t\t<\/div>\n\t\t<\/section>\n\t\t\t\t<section class=\"elementor-section elementor-top-section elementor-element elementor-element-bcd4491 elementor-section-full_width elementor-section-height-default elementor-section-height-default\" data-id=\"bcd4491\" data-element_type=\"section\">\n\t\t\t\t\t\t<div class=\"elementor-container elementor-column-gap-no\">\n\t\t\t\t\t<div class=\"elementor-column elementor-col-100 elementor-top-column elementor-element elementor-element-7dea028\" data-id=\"7dea028\" data-element_type=\"column\">\n\t\t\t<div class=\"elementor-widget-wrap elementor-element-populated\">\n\t\t\t\t\t\t\t\t<div class=\"elementor-element elementor-element-74ca556 elementor-widget elementor-widget-heading\" data-id=\"74ca556\" data-element_type=\"widget\" data-widget_type=\"heading.default\">\n\t\t\t\t<div class=\"elementor-widget-container\">\n\t\t\t<h2 class=\"elementor-heading-title elementor-size-large\">Terkedece\u011fin g\u00f6lgelerde ve seni terkedecek g\u00f6lgelerde oyalanma. Bir tekbir ile d\u00fcnyay\u0131 arkana at. Elinin tersiyle geride b\u0131rak g\u00fcndelik sevdalar\u0131... \u201cOynam\u0131yorum!\u201d de. \nSeni herkesle ve her \u015feyle bulu\u015fturacak Rabbinin s\u0131las\u0131na y\u00f6nel. \nYol a\u00e7\u0131k, yola \u00e7\u0131k...\n[Dr. Senai DEM\u0130RC\u0130]<\/h2>\t\t<\/div>\n\t\t\t\t<\/div>\n\t\t\t\t\t<\/div>\n\t\t<\/div>\n\t\t\t\t\t\t\t<\/div>\n\t\t<\/section>\n\t\t\t\t\t\t\t<\/div>\n\t\t","protected":false},"excerpt":{"rendered":"<p>Biraz Excel, Biraz Ben &#8230; \u00c7a\u011fda\u015f sistemler, boyunduruklar\u0131 alt\u0131nda ya\u015fayan insanlar\u0131n varl\u0131kla ilgili temel sorular\u0131 sormas\u0131na f\u0131rsat tan\u0131mamak i\u00e7in ellerindeki t\u00fcm imk\u00e2nlar\u0131 kullanmaktad\u0131r. Geldi\u011fi seviye kar\u015f\u0131s\u0131nda insan\u0131 hayrette b\u0131rakan teknoloji dahi y\u00f6netimler taraf\u0131ndan bir \u201cb\u00fcy\u00fc\u201d gibi kullan\u0131lmakta, insanl\u0131k ailesi bu b\u00fcy\u00fc ile efsunlanmaktad\u0131r. Teknoloji\u2026 \u201cAkil\u201d oldu\u011fu halde bir t\u00fcrl\u00fc \u201cBali\u011f\u201d olamayan z\u0131p\u00e7\u0131kt\u0131 bir medeniyetin \u00fcr\u00fcn\u00fc; &hellip;<\/p>\n<p class=\"read-more\"> <a class=\"\" href=\"https:\/\/www.yavuzkoc.com\/\"> <span class=\"screen-reader-text\">Giri\u015f<\/span> Devam\u0131 &raquo;<\/a><\/p>\n","protected":false},"author":1,"featured_media":0,"parent":0,"menu_order":0,"comment_status":"closed","ping_status":"closed","template":"","meta":{"_uag_custom_page_level_css":"","site-sidebar-layout":"no-sidebar","site-content-layout":"page-builder","ast-global-header-display":"","ast-main-header-display":"","ast-hfb-above-header-display":"","ast-hfb-below-header-display":"","ast-hfb-mobile-header-display":"","site-post-title":"disabled","ast-breadcrumbs-content":"","ast-featured-img":"disabled","footer-sml-layout":"","theme-transparent-header-meta":"enabled","adv-header-id-meta":"","stick-header-meta":"","header-above-stick-meta":"","header-main-stick-meta":"","header-below-stick-meta":"","footnotes":""},"class_list":["post-4","page","type-page","status-publish","hentry"],"yoast_head":"<!-- This site is optimized with the Yoast SEO plugin v20.1 - https:\/\/yoast.com\/wordpress\/plugins\/seo\/ -->\n<title>Giri\u015f - Bir Matematik\u00e7inin Sitesi<\/title>\n<meta name=\"robots\" content=\"index, follow, max-snippet:-1, max-image-preview:large, max-video-preview:-1\" \/>\n<link rel=\"canonical\" href=\"https:\/\/www.yavuzkoc.com\/\" \/>\n<meta property=\"og:locale\" content=\"tr_TR\" \/>\n<meta property=\"og:type\" content=\"article\" \/>\n<meta property=\"og:title\" content=\"Giri\u015f - Bir Matematik\u00e7inin Sitesi\" \/>\n<meta property=\"og:description\" content=\"Biraz Excel, Biraz Ben &#8230; \u00c7a\u011fda\u015f sistemler, boyunduruklar\u0131 alt\u0131nda ya\u015fayan insanlar\u0131n varl\u0131kla ilgili temel sorular\u0131 sormas\u0131na f\u0131rsat tan\u0131mamak i\u00e7in ellerindeki t\u00fcm imk\u00e2nlar\u0131 kullanmaktad\u0131r. Geldi\u011fi seviye kar\u015f\u0131s\u0131nda insan\u0131 hayrette b\u0131rakan teknoloji dahi y\u00f6netimler taraf\u0131ndan bir \u201cb\u00fcy\u00fc\u201d gibi kullan\u0131lmakta, insanl\u0131k ailesi bu b\u00fcy\u00fc ile efsunlanmaktad\u0131r. Teknoloji\u2026 \u201cAkil\u201d oldu\u011fu halde bir t\u00fcrl\u00fc \u201cBali\u011f\u201d olamayan z\u0131p\u00e7\u0131kt\u0131 bir medeniyetin \u00fcr\u00fcn\u00fc; &hellip; Giri\u015f Devam\u0131 &raquo;\" \/>\n<meta property=\"og:url\" content=\"https:\/\/www.yavuzkoc.com\/\" \/>\n<meta property=\"og:site_name\" content=\"Bir Matematik\u00e7inin Sitesi\" \/>\n<meta property=\"article:publisher\" content=\"https:\/\/www.facebook.com\/yavuzvesemra\" \/>\n<meta property=\"article:modified_time\" content=\"2023-10-18T20:53:21+00:00\" \/>\n<meta property=\"og:image\" content=\"https:\/\/www.yavuzkoc.com\/wp-content\/uploads\/elementor\/thumbs\/meb_logo_3-q1mwp76wjvnme2654iwblyakhiun8e8qpxdrphtcc0.png\" \/>\n<meta name=\"twitter:card\" content=\"summary_large_image\" \/>\n<meta name=\"twitter:label1\" content=\"Tahmini okuma s\u00fcresi\" \/>\n\t<meta name=\"twitter:data1\" content=\"3 dakika\" \/>\n<script type=\"application\/ld+json\" class=\"yoast-schema-graph\">{\"@context\":\"https:\/\/schema.org\",\"@graph\":[{\"@type\":\"WebPage\",\"@id\":\"https:\/\/www.yavuzkoc.com\/\",\"url\":\"https:\/\/www.yavuzkoc.com\/\",\"name\":\"Giri\u015f - Bir Matematik\u00e7inin Sitesi\",\"isPartOf\":{\"@id\":\"https:\/\/www.yavuzkoc.com\/#website\"},\"datePublished\":\"2021-02-03T04:00:01+00:00\",\"dateModified\":\"2023-10-18T20:53:21+00:00\",\"breadcrumb\":{\"@id\":\"https:\/\/www.yavuzkoc.com\/#breadcrumb\"},\"inLanguage\":\"tr\",\"potentialAction\":[{\"@type\":\"ReadAction\",\"target\":[\"https:\/\/www.yavuzkoc.com\/\"]}]},{\"@type\":\"BreadcrumbList\",\"@id\":\"https:\/\/www.yavuzkoc.com\/#breadcrumb\",\"itemListElement\":[{\"@type\":\"ListItem\",\"position\":1,\"name\":\"Anasayfa\",\"item\":\"https:\/\/www.yavuzkoc.com\/\"},{\"@type\":\"ListItem\",\"position\":2,\"name\":\"Giri\u015f\"}]},{\"@type\":\"WebSite\",\"@id\":\"https:\/\/www.yavuzkoc.com\/#website\",\"url\":\"https:\/\/www.yavuzkoc.com\/\",\"name\":\"Bir Matematik\u00e7inin Sitesi\",\"description\":\"Biraz Excel Biraz Ben\",\"publisher\":{\"@id\":\"https:\/\/www.yavuzkoc.com\/#\/schema\/person\/39b69bd7cb991ec92aa323c4304058eb\"},\"potentialAction\":[{\"@type\":\"SearchAction\",\"target\":{\"@type\":\"EntryPoint\",\"urlTemplate\":\"https:\/\/www.yavuzkoc.com\/?s={search_term_string}\"},\"query-input\":\"required name=search_term_string\"}],\"inLanguage\":\"tr\"},{\"@type\":[\"Person\",\"Organization\"],\"@id\":\"https:\/\/www.yavuzkoc.com\/#\/schema\/person\/39b69bd7cb991ec92aa323c4304058eb\",\"name\":\"yavuzkoc7453\",\"image\":{\"@type\":\"ImageObject\",\"inLanguage\":\"tr\",\"@id\":\"https:\/\/www.yavuzkoc.com\/#\/schema\/person\/image\/\",\"url\":\"https:\/\/www.yavuzkoc.com\/wp-content\/uploads\/2023\/02\/cropped-cropped-ykoc_logo_4.png\",\"contentUrl\":\"https:\/\/www.yavuzkoc.com\/wp-content\/uploads\/2023\/02\/cropped-cropped-ykoc_logo_4.png\",\"width\":435,\"height\":163,\"caption\":\"yavuzkoc7453\"},\"logo\":{\"@id\":\"https:\/\/www.yavuzkoc.com\/#\/schema\/person\/image\/\"},\"sameAs\":[\"https:\/\/www.yavuzkoc.com\",\"https:\/\/www.facebook.com\/yavuzvesemra\",\"https:\/\/www.youtube.com\/channel\/UC4SLVoOMDwob2t0QXIXhCuw\"]}]}<\/script>\n<!-- \/ Yoast SEO plugin. -->","yoast_head_json":{"title":"Giri\u015f - Bir Matematik\u00e7inin Sitesi","robots":{"index":"index","follow":"follow","max-snippet":"max-snippet:-1","max-image-preview":"max-image-preview:large","max-video-preview":"max-video-preview:-1"},"canonical":"https:\/\/www.yavuzkoc.com\/","og_locale":"tr_TR","og_type":"article","og_title":"Giri\u015f - Bir Matematik\u00e7inin Sitesi","og_description":"Biraz Excel, Biraz Ben &#8230; \u00c7a\u011fda\u015f sistemler, boyunduruklar\u0131 alt\u0131nda ya\u015fayan insanlar\u0131n varl\u0131kla ilgili temel sorular\u0131 sormas\u0131na f\u0131rsat tan\u0131mamak i\u00e7in ellerindeki t\u00fcm imk\u00e2nlar\u0131 kullanmaktad\u0131r. Geldi\u011fi seviye kar\u015f\u0131s\u0131nda insan\u0131 hayrette b\u0131rakan teknoloji dahi y\u00f6netimler taraf\u0131ndan bir \u201cb\u00fcy\u00fc\u201d gibi kullan\u0131lmakta, insanl\u0131k ailesi bu b\u00fcy\u00fc ile efsunlanmaktad\u0131r. Teknoloji\u2026 \u201cAkil\u201d oldu\u011fu halde bir t\u00fcrl\u00fc \u201cBali\u011f\u201d olamayan z\u0131p\u00e7\u0131kt\u0131 bir medeniyetin \u00fcr\u00fcn\u00fc; &hellip; Giri\u015f Devam\u0131 &raquo;","og_url":"https:\/\/www.yavuzkoc.com\/","og_site_name":"Bir Matematik\u00e7inin Sitesi","article_publisher":"https:\/\/www.facebook.com\/yavuzvesemra","article_modified_time":"2023-10-18T20:53:21+00:00","og_image":[{"url":"https:\/\/www.yavuzkoc.com\/wp-content\/uploads\/elementor\/thumbs\/meb_logo_3-q1mwp76wjvnme2654iwblyakhiun8e8qpxdrphtcc0.png"}],"twitter_card":"summary_large_image","twitter_misc":{"Tahmini okuma s\u00fcresi":"3 dakika"},"schema":{"@context":"https:\/\/schema.org","@graph":[{"@type":"WebPage","@id":"https:\/\/www.yavuzkoc.com\/","url":"https:\/\/www.yavuzkoc.com\/","name":"Giri\u015f - Bir Matematik\u00e7inin Sitesi","isPartOf":{"@id":"https:\/\/www.yavuzkoc.com\/#website"},"datePublished":"2021-02-03T04:00:01+00:00","dateModified":"2023-10-18T20:53:21+00:00","breadcrumb":{"@id":"https:\/\/www.yavuzkoc.com\/#breadcrumb"},"inLanguage":"tr","potentialAction":[{"@type":"ReadAction","target":["https:\/\/www.yavuzkoc.com\/"]}]},{"@type":"BreadcrumbList","@id":"https:\/\/www.yavuzkoc.com\/#breadcrumb","itemListElement":[{"@type":"ListItem","position":1,"name":"Anasayfa","item":"https:\/\/www.yavuzkoc.com\/"},{"@type":"ListItem","position":2,"name":"Giri\u015f"}]},{"@type":"WebSite","@id":"https:\/\/www.yavuzkoc.com\/#website","url":"https:\/\/www.yavuzkoc.com\/","name":"Bir Matematik\u00e7inin Sitesi","description":"Biraz Excel Biraz Ben","publisher":{"@id":"https:\/\/www.yavuzkoc.com\/#\/schema\/person\/39b69bd7cb991ec92aa323c4304058eb"},"potentialAction":[{"@type":"SearchAction","target":{"@type":"EntryPoint","urlTemplate":"https:\/\/www.yavuzkoc.com\/?s={search_term_string}"},"query-input":"required name=search_term_string"}],"inLanguage":"tr"},{"@type":["Person","Organization"],"@id":"https:\/\/www.yavuzkoc.com\/#\/schema\/person\/39b69bd7cb991ec92aa323c4304058eb","name":"yavuzkoc7453","image":{"@type":"ImageObject","inLanguage":"tr","@id":"https:\/\/www.yavuzkoc.com\/#\/schema\/person\/image\/","url":"https:\/\/www.yavuzkoc.com\/wp-content\/uploads\/2023\/02\/cropped-cropped-ykoc_logo_4.png","contentUrl":"https:\/\/www.yavuzkoc.com\/wp-content\/uploads\/2023\/02\/cropped-cropped-ykoc_logo_4.png","width":435,"height":163,"caption":"yavuzkoc7453"},"logo":{"@id":"https:\/\/www.yavuzkoc.com\/#\/schema\/person\/image\/"},"sameAs":["https:\/\/www.yavuzkoc.com","https:\/\/www.facebook.com\/yavuzvesemra","https:\/\/www.youtube.com\/channel\/UC4SLVoOMDwob2t0QXIXhCuw"]}]}},"uagb_featured_image_src":{"full":false,"thumbnail":false,"medium":false,"medium_large":false,"large":false,"1536x1536":false,"2048x2048":false},"uagb_author_info":{"display_name":"yavuzkoc7453","author_link":"https:\/\/www.yavuzkoc.com\/index.php\/author\/yavuzkoc7453\/"},"uagb_comment_info":0,"uagb_excerpt":"Biraz Excel, Biraz Ben &#8230; \u00c7a\u011fda\u015f sistemler, boyunduruklar\u0131 alt\u0131nda ya\u015fayan insanlar\u0131n varl\u0131kla ilgili temel sorular\u0131 sormas\u0131na f\u0131rsat tan\u0131mamak i\u00e7in ellerindeki t\u00fcm imk\u00e2nlar\u0131 kullanmaktad\u0131r. Geldi\u011fi seviye kar\u015f\u0131s\u0131nda insan\u0131 hayrette b\u0131rakan teknoloji dahi y\u00f6netimler taraf\u0131ndan bir \u201cb\u00fcy\u00fc\u201d gibi kullan\u0131lmakta, insanl\u0131k ailesi bu b\u00fcy\u00fc ile efsunlanmaktad\u0131r. Teknoloji\u2026 \u201cAkil\u201d oldu\u011fu halde bir t\u00fcrl\u00fc \u201cBali\u011f\u201d olamayan z\u0131p\u00e7\u0131kt\u0131 bir medeniyetin \u00fcr\u00fcn\u00fc;&hellip;","_links":{"self":[{"href":"https:\/\/www.yavuzkoc.com\/index.php\/wp-json\/wp\/v2\/pages\/4","targetHints":{"allow":["GET"]}}],"collection":[{"href":"https:\/\/www.yavuzkoc.com\/index.php\/wp-json\/wp\/v2\/pages"}],"about":[{"href":"https:\/\/www.yavuzkoc.com\/index.php\/wp-json\/wp\/v2\/types\/page"}],"author":[{"embeddable":true,"href":"https:\/\/www.yavuzkoc.com\/index.php\/wp-json\/wp\/v2\/users\/1"}],"replies":[{"embeddable":true,"href":"https:\/\/www.yavuzkoc.com\/index.php\/wp-json\/wp\/v2\/comments?post=4"}],"version-history":[{"count":99,"href":"https:\/\/www.yavuzkoc.com\/index.php\/wp-json\/wp\/v2\/pages\/4\/revisions"}],"predecessor-version":[{"id":2322,"href":"https:\/\/www.yavuzkoc.com\/index.php\/wp-json\/wp\/v2\/pages\/4\/revisions\/2322"}],"wp:attachment":[{"href":"https:\/\/www.yavuzkoc.com\/index.php\/wp-json\/wp\/v2\/media?parent=4"}],"curies":[{"name":"wp","href":"https:\/\/api.w.org\/{rel}","templated":true}]}}